{"id":10,"date":"2022-01-08T18:07:42","date_gmt":"2022-01-08T17:07:42","guid":{"rendered":"https:\/\/nwjjv.eu\/?page_id=10"},"modified":"2025-05-14T18:15:13","modified_gmt":"2025-05-14T16:15:13","slug":"impressum","status":"publish","type":"page","link":"https:\/\/nwjjv.eu\/?page_id=10","title":{"rendered":"IMPRESSUM"},"content":{"rendered":"\n<p><strong>Adresse:<\/strong><br>NWJJV e.V.<br>Haus des K\u00f6lner Sports<br>StadtSportBund K\u00f6ln e.V.<br>Ulrich-Brisch-Weg 1<br><br>D-50858 K\u00f6ln<br><br>Tel: (0221) 9918005<\/p>\n\n\n\n<p>Vertreten durch das Pr\u00e4sidium (einzeln) &nbsp;&nbsp;&nbsp;&nbsp;&nbsp;&nbsp;&nbsp;&nbsp;&nbsp;&nbsp;&nbsp;&nbsp;&nbsp;&nbsp;<br>Pr\u00e4sident: Werner Dermann<\/p>\n\n\n\n<p>Vize-Pr\u00e4sident Breitensport: Michael Naber<br>Vize-Pr\u00e4sident Finanzen: Klaus-J\u00fcrgen Sieberg<br>Vize-Pr\u00e4sident Leistungssport: Ulrich Muchow<br><br>jeweils erreichbar \u00fcber die Gesch\u00e4ftsstelle<\/p>\n\n\n\n<p><strong>Verantwortliche i.S.d. \u00a7 55 Abs. 2 RStV<\/strong> <br>Stephan Kochsiek<\/p>\n\n\n\n<p>LSB-Verbands-Nr.: &nbsp;&nbsp;&nbsp;&nbsp;&nbsp;&nbsp;&nbsp;&nbsp; 220 N<br>Vereinsregister: &nbsp;&nbsp;&nbsp;&nbsp;&nbsp;&nbsp;&nbsp;&nbsp;&nbsp;&nbsp;&nbsp;&nbsp;&nbsp; Amtsgericht K\u00f6ln: VR 16075<br>Steuernummer: &nbsp;&nbsp;&nbsp;&nbsp;&nbsp;&nbsp;&nbsp;&nbsp;&nbsp;&nbsp;&nbsp;&nbsp;&nbsp; 223\/5914\/0228 (Finanzamt K\u00f6ln-West)<\/p>\n\n\n\n<p>Das Impressum gilt f\u00fcr:<br>http:\/\/www.nwjjv.eu<br>http:\/\/www.facebook.com\/nwjjv<\/p>\n\n\n\n<p>So erreichen Sie den Webmaster bei technischen Fehlern (Toter Link, Rechtschreibfehler, etc.)<\/p>\n\n\n\n<p><strong>Webmaster:<\/strong><br> Ralf Pollnow<br>E-Mail (bitte benutzen, falls m\u00f6glich) &nbsp; webmaster@nwjjv.eu<\/p>\n","protected":false},"excerpt":{"rendered":"<p>Adresse:NWJJV e.V.Haus des K\u00f6lner SportsStadtSportBund K\u00f6ln e.V.Ulrich-Brisch-Weg 1 D-50858 K\u00f6ln Tel: (0221) 9918005 Vertreten durch das Pr\u00e4sidium (einzeln) &nbsp;&nbsp;&nbsp;&nbsp;&nbsp;&nbsp;&nbsp;&nbsp;&nbsp;&nbsp;&nbsp;&nbsp;&nbsp;&nbsp;Pr\u00e4sident: Werner Dermann Vize-Pr\u00e4sident Breitensport: Michael NaberVize-Pr\u00e4sident Finanzen: Klaus-J\u00fcrgen SiebergVize-Pr\u00e4sident Leistungssport: Ulrich Muchow jeweils erreichbar \u00fcber die Gesch\u00e4ftsstelle Verantwortliche i.S.d. \u00a7 55 Abs. 2 RStV Stephan Kochsiek LSB-Verbands-Nr.: &nbsp;&nbsp;&nbsp;&nbsp;&nbsp;&nbsp;&nbsp;&nbsp; 220 NVereinsregister: &nbsp;&nbsp;&nbsp;&nbsp;&nbsp;&nbsp;&nbsp;&nbsp;&nbsp;&nbsp;&nbsp;&nbsp;&nbsp; Amtsgericht K\u00f6ln: VR 16075Steuernummer: &nbsp;&nbsp;&nbsp;&nbsp;&nbsp;&nbsp;&nbsp;&nbsp;&nbsp;&nbsp;&nbsp;&nbsp;&nbsp; [&hellip;]<\/p>\n","protected":false},"author":1,"featured_media":0,"parent":0,"menu_order":0,"comment_status":"closed","ping_status":"closed","template":"","meta":{"site-sidebar-layout":"default","site-content-layout":"","ast-site-content-layout":"default","site-content-style":"default","site-sidebar-style":"default","ast-global-header-display":"","ast-banner-title-visibility":"","ast-main-header-display":"","ast-hfb-above-header-display":"","ast-hfb-below-header-display":"","ast-hfb-mobile-header-display":"","site-post-title":"","ast-breadcrumbs-content":"","ast-featured-img":"","footer-sml-layout":"","ast-disable-related-posts":"","theme-transparent-header-meta":"","adv-header-id-meta":"","stick-header-meta":"","header-above-stick-meta":"","header-main-stick-meta":"","header-below-stick-meta":"","astra-migrate-meta-layouts":"set","ast-page-background-enabled":"default","ast-page-background-meta":{"desktop":{"background-color":"var(--ast-global-color-4)","background-image":"","background-repeat":"repeat","background-position":"center center","background-size":"auto","background-attachment":"scroll","background-type":"","background-media":"","overlay-type":"","overlay-color":"","overlay-opacity":"","overlay-gradient":""},"tablet":{"background-color":"","background-image":"","background-repeat":"repeat","background-position":"center center","background-size":"auto","background-attachment":"scroll","background-type":"","background-media":"","overlay-type":"","overlay-color":"","overlay-opacity":"","overlay-gradient":""},"mobile":{"background-color":"","background-image":"","background-repeat":"repeat","background-position":"center center","background-size":"auto","background-attachment":"scroll","background-type":"","background-media":"","overlay-type":"","overlay-color":"","overlay-opacity":"","overlay-gradient":""}},"ast-content-background-meta":{"desktop":{"background-color":"var(--ast-global-color-5)","background-image":"","background-repeat":"repeat","background-position":"center center","background-size":"auto","background-attachment":"scroll","background-type":"","background-media":"","overlay-type":"","overlay-color":"","overlay-opacity":"","overlay-gradient":""},"tablet":{"background-color":"var(--ast-global-color-5)","background-image":"","background-repeat":"repeat","background-position":"center center","background-size":"auto","background-attachment":"scroll","background-type":"","background-media":"","overlay-type":"","overlay-color":"","overlay-opacity":"","overlay-gradient":""},"mobile":{"background-color":"var(--ast-global-color-5)","background-image":"","background-repeat":"repeat","background-position":"center center","background-size":"auto","background-attachment":"scroll","background-type":"","background-media":"","overlay-type":"","overlay-color":"","overlay-opacity":"","overlay-gradient":""}},"footnotes":""},"class_list":["post-10","page","type-page","status-publish","hentry"],"_links":{"self":[{"href":"https:\/\/nwjjv.eu\/index.php?rest_route=\/wp\/v2\/pages\/10","targetHints":{"allow":["GET"]}}],"collection":[{"href":"https:\/\/nwjjv.eu\/index.php?rest_route=\/wp\/v2\/pages"}],"about":[{"href":"https:\/\/nwjjv.eu\/index.php?rest_route=\/wp\/v2\/types\/page"}],"author":[{"embeddable":true,"href":"https:\/\/nwjjv.eu\/index.php?rest_route=\/wp\/v2\/users\/1"}],"replies":[{"embeddable":true,"href":"https:\/\/nwjjv.eu\/index.php?rest_route=%2Fwp%2Fv2%2Fcomments&post=10"}],"version-history":[{"count":7,"href":"https:\/\/nwjjv.eu\/index.php?rest_route=\/wp\/v2\/pages\/10\/revisions"}],"predecessor-version":[{"id":3192,"href":"https:\/\/nwjjv.eu\/index.php?rest_route=\/wp\/v2\/pages\/10\/revisions\/3192"}],"wp:attachment":[{"href":"https:\/\/nwjjv.eu\/index.php?rest_route=%2Fwp%2Fv2%2Fmedia&parent=10"}],"curies":[{"name":"wp","href":"https:\/\/api.w.org\/{rel}","templated":true}]}}