{"id":1237,"date":"2023-01-30T17:27:58","date_gmt":"2023-01-30T16:27:58","guid":{"rendered":"https:\/\/nwjjv.eu\/?page_id=1237"},"modified":"2023-01-30T17:27:58","modified_gmt":"2023-01-30T16:27:58","slug":"tipps-fuer-wettkampfeltern","status":"publish","type":"page","link":"https:\/\/nwjjv.eu\/?page_id=1237","title":{"rendered":"Tipps f\u00fcr Wettkampfeltern"},"content":{"rendered":"\n<p>Die wohlgemeinte Mahnung kommt hier zuerst:<\/p>\n\n\n\n<p>Egal ob im Training oder ganz speziell bei Wettk\u00e4mpfen: Der verantwortliche Wettkampftrainer hat das Sagen und auch das letzte Wort. Er besch\u00e4ftigt sich intensiv und fachkundig mit Technik und Taktik eurer Kinder, um sie erfolgreich zu machen.<\/p>\n\n\n\n<p>Also liebe Eltern, egal ob Laien oder selbst Kampfsportler: keine taktischen Anweisungen bei K\u00e4mpfen oder w\u00e4hrend des Trainings. Au\u00dferhalb von Training und Wettk\u00e4mpfen hat der verantwortliche Trainer sicherlich ein offenes Ohr f\u00fcr Euch.<\/p>\n\n\n\n<p>Es verbietet sich nat\u00fcrlich von selbst, Gegner, Trainer anderer Vereine oder Kampfrichter irgendwie zu beschimpfen oder sonst herabzuw\u00fcrdigen. In unserer Wettkampffamilie herrscht eine Atmosph\u00e4re der gegenseitigen Wertsch\u00e4tzung und Wohlwollens bei aller Konkurrenz und das lassen wir bitte so.<\/p>\n\n\n\n<p>Unterst\u00fctzung k\u00f6nnt ihr leisten bei anderen Dingen:<\/p>\n\n\n\n<p>Achtet mit Euren Kindern zusammen auf vollst\u00e4ndige Ausr\u00fcstung. Fehlende Ausr\u00fcstung am Wettkampftag kann zum Ausschluss f\u00fchren, das muss nicht sein.<\/p>\n\n\n\n<p>Zur Ausr\u00fcstung geh\u00f6rt der Pass mit Einverst\u00e4ndniserkl\u00e4rung f\u00fcr minderj\u00e4hrige Athleten.<\/p>\n\n\n\n<p>Helft Euren Kids da nach und nach in die Selbst\u00e4ndigkeit.<\/p>\n\n\n\n<p>An Wettkampftagen besonders wichtig: Essen und Trinken.<\/p>\n\n\n\n<p>Sorgt f\u00fcr reichlich Fl\u00fcssigkeit, am besten stilles Mineralwasser. Am Wettkampftag eignet sich als Nahrung vor Allem leichtverdauliches, Obst, Rohkost, M\u00fcsliriegel. Ein leerer Magen k\u00e4mpft nicht so gerne. Ein Magen voll mit Fett und viel Eiwei\u00df auch nicht.<\/p>\n\n\n\n<p>Ansonsten ist eine gesunde Ern\u00e4hrung f\u00fcr die ganze Familie gut.<\/p>\n\n\n\n<p>Bei Niederlagen ist Euer Trost gefragt. Baut Euer Kind auf, zeigt ihm, dass ihr stolze Eltern, unabh\u00e4ngig vom Ergebnis seid. Best\u00e4rkt Euer Kind im Weiterk\u00e4mpfen!<\/p>\n\n\n\n<p>Sollte es nicht mehr k\u00e4mpfen wollen, zwingt Euer Kind nicht dazu!<\/p>\n\n\n\n<p>Ihr k\u00f6nnt dann genauso stolz auf immer dunklere G\u00fcrtel sein.<\/p>\n\n\n\n<p>Verst\u00e4ndigt Euch mit anderen Eltern in organisatorischen Dingen wie z. B Fahrgemeinschafen zu Wettk\u00e4mpfen.<\/p>\n\n\n\n<p>Mit diesen Hinweisen im Hinterkopf werdet ihr ein Teil des Wettkampfteams in Eurem Verein und es lohnt sich!<\/p>\n\n\n\n<p>Und nun freuen wir uns, Euch kennen zu lernen.<\/p>\n\n\n\n<p>Uli Muchow und Stefan Kochsiek<\/p>\n","protected":false},"excerpt":{"rendered":"<p>Die wohlgemeinte Mahnung kommt hier zuerst: Egal ob im Training oder ganz speziell bei Wettk\u00e4mpfen: Der verantwortliche Wettkampftrainer hat das Sagen und auch das letzte Wort. Er besch\u00e4ftigt sich intensiv und fachkundig mit Technik und Taktik eurer Kinder, um sie erfolgreich zu machen. Also liebe Eltern, egal ob Laien oder selbst Kampfsportler: keine taktischen Anweisungen [&hellip;]<\/p>\n","protected":false},"author":1,"featured_media":0,"parent":0,"menu_order":0,"comment_status":"closed","ping_status":"closed","template":"","meta":{"site-sidebar-layout":"default","site-content-layout":"","ast-site-content-layout":"default","site-content-style":"default","site-sidebar-style":"default","ast-global-header-display":"","ast-banner-title-visibility":"","ast-main-header-display":"","ast-hfb-above-header-display":"","ast-hfb-below-header-display":"","ast-hfb-mobile-header-display":"","site-post-title":"","ast-breadcrumbs-content":"","ast-featured-img":"","footer-sml-layout":"","ast-disable-related-posts":"","theme-transparent-header-meta":"","adv-header-id-meta":"","stick-header-meta":"","header-above-stick-meta":"","header-main-stick-meta":"","header-below-stick-meta":"","astra-migrate-meta-layouts":"default","ast-page-background-enabled":"default","ast-page-background-meta":{"desktop":{"background-color":"var(--ast-global-color-4)","background-image":"","background-repeat":"repeat","background-position":"center center","background-size":"auto","background-attachment":"scroll","background-type":"","background-media":"","overlay-type":"","overlay-color":"","overlay-opacity":"","overlay-gradient":""},"tablet":{"background-color":"","background-image":"","background-repeat":"repeat","background-position":"center center","background-size":"auto","background-attachment":"scroll","background-type":"","background-media":"","overlay-type":"","overlay-color":"","overlay-opacity":"","overlay-gradient":""},"mobile":{"background-color":"","background-image":"","background-repeat":"repeat","background-position":"center center","background-size":"auto","background-attachment":"scroll","background-type":"","background-media":"","overlay-type":"","overlay-color":"","overlay-opacity":"","overlay-gradient":""}},"ast-content-background-meta":{"desktop":{"background-color":"var(--ast-global-color-5)","background-image":"","background-repeat":"repeat","background-position":"center center","background-size":"auto","background-attachment":"scroll","background-type":"","background-media":"","overlay-type":"","overlay-color":"","overlay-opacity":"","overlay-gradient":""},"tablet":{"background-color":"var(--ast-global-color-5)","background-image":"","background-repeat":"repeat","background-position":"center center","background-size":"auto","background-attachment":"scroll","background-type":"","background-media":"","overlay-type":"","overlay-color":"","overlay-opacity":"","overlay-gradient":""},"mobile":{"background-color":"var(--ast-global-color-5)","background-image":"","background-repeat":"repeat","background-position":"center center","background-size":"auto","background-attachment":"scroll","background-type":"","background-media":"","overlay-type":"","overlay-color":"","overlay-opacity":"","overlay-gradient":""}},"footnotes":""},"class_list":["post-1237","page","type-page","status-publish","hentry"],"_links":{"self":[{"href":"https:\/\/nwjjv.eu\/index.php?rest_route=\/wp\/v2\/pages\/1237","targetHints":{"allow":["GET"]}}],"collection":[{"href":"https:\/\/nwjjv.eu\/index.php?rest_route=\/wp\/v2\/pages"}],"about":[{"href":"https:\/\/nwjjv.eu\/index.php?rest_route=\/wp\/v2\/types\/page"}],"author":[{"embeddable":true,"href":"https:\/\/nwjjv.eu\/index.php?rest_route=\/wp\/v2\/users\/1"}],"replies":[{"embeddable":true,"href":"https:\/\/nwjjv.eu\/index.php?rest_route=%2Fwp%2Fv2%2Fcomments&post=1237"}],"version-history":[{"count":1,"href":"https:\/\/nwjjv.eu\/index.php?rest_route=\/wp\/v2\/pages\/1237\/revisions"}],"predecessor-version":[{"id":1238,"href":"https:\/\/nwjjv.eu\/index.php?rest_route=\/wp\/v2\/pages\/1237\/revisions\/1238"}],"wp:attachment":[{"href":"https:\/\/nwjjv.eu\/index.php?rest_route=%2Fwp%2Fv2%2Fmedia&parent=1237"}],"curies":[{"name":"wp","href":"https:\/\/api.w.org\/{rel}","templated":true}]}}