{"id":138,"date":"2022-01-22T11:00:43","date_gmt":"2022-01-22T10:00:43","guid":{"rendered":"https:\/\/nwjjv.eu\/?page_id=138"},"modified":"2025-03-17T21:24:59","modified_gmt":"2025-03-17T20:24:59","slug":"praesidium","status":"publish","type":"page","link":"https:\/\/nwjjv.eu\/?page_id=138","title":{"rendered":"PR\u00c4SIDIUM"},"content":{"rendered":"\n<p><a href=\"https:\/\/nwjjv.eu\/?page_id=549\">PR\u00c4SIDENT<\/a><br><br><strong>Werner Dermann<\/strong><br>email: <a href=\"mailto:praesident@nwjjv.eu\">praesident@nwjjv.eu<\/a><\/p>\n\n\n\n<p>VIZE-PR\u00c4SIDENT FINANZEN<br><br><strong>Klaus-J\u00fcrgen Sieberg<\/strong><br>email: <a href=\"mailto:finanzen@nwjjv.eu\">finanzen@nwjjv.eu<\/a><\/p>\n\n\n\n<p>VIZE-PR\u00c4SIDENT BREITENSPORT<br><br><strong>Michael Naber<\/strong><br>email: <a href=\"mailto:breitensport@nwjjv.eu\">breitensport@nwjjv.eu<\/a><\/p>\n\n\n\n<p><strong> VIZE-PR\u00c4SIDENT LEISTUNGSSPORT<\/strong><br><br><strong>Ulrich Muchow<\/strong><br>email: <a href=\"mailto:ls@nwjjv.eu\">ls@nwjjv.eu<\/a><\/p>\n\n\n\n<p><strong> VIZE-PR\u00c4SIDENT JUGEND<\/strong><br><br><strong>Andreas Dern<\/strong><br>email: <a href=\"mailto:jugend@nwjjv.eu\">jugend@nwjjv.eu<\/a><\/p>\n","protected":false},"excerpt":{"rendered":"<p>PR\u00c4SIDENT Werner Dermannemail: praesident@nwjjv.eu VIZE-PR\u00c4SIDENT FINANZEN Klaus-J\u00fcrgen Siebergemail: finanzen@nwjjv.eu VIZE-PR\u00c4SIDENT BREITENSPORT Michael Naberemail: breitensport@nwjjv.eu VIZE-PR\u00c4SIDENT LEISTUNGSSPORT Ulrich Muchowemail: ls@nwjjv.eu VIZE-PR\u00c4SIDENT JUGEND Andreas Dernemail: jugend@nwjjv.eu<\/p>\n","protected":false},"author":1,"featured_media":0,"parent":135,"menu_order":1,"comment_status":"closed","ping_status":"closed","template":"","meta":{"site-sidebar-layout":"default","site-content-layout":"default","ast-site-content-layout":"default","site-content-style":"default","site-sidebar-style":"default","ast-global-header-display":"","ast-banner-title-visibility":"","ast-main-header-display":"","ast-hfb-above-header-display":"","ast-hfb-below-header-display":"","ast-hfb-mobile-header-display":"","site-post-title":"","ast-breadcrumbs-content":"","ast-featured-img":"","footer-sml-layout":"","ast-disable-related-posts":"","theme-transparent-header-meta":"default","adv-header-id-meta":"","stick-header-meta":"","header-above-stick-meta":"","header-main-stick-meta":"","header-below-stick-meta":"","astra-migrate-meta-layouts":"set","ast-page-background-enabled":"default","ast-page-background-meta":{"desktop":{"background-color":"var(--ast-global-color-4)","background-image":"","background-repeat":"repeat","background-position":"center center","background-size":"auto","background-attachment":"scroll","background-type":"","background-media":"","overlay-type":"","overlay-color":"","overlay-opacity":"","overlay-gradient":""},"tablet":{"background-color":"","background-image":"","background-repeat":"repeat","background-position":"center center","background-size":"auto","background-attachment":"scroll","background-type":"","background-media":"","overlay-type":"","overlay-color":"","overlay-opacity":"","overlay-gradient":""},"mobile":{"background-color":"","background-image":"","background-repeat":"repeat","background-position":"center center","background-size":"auto","background-attachment":"scroll","background-type":"","background-media":"","overlay-type":"","overlay-color":"","overlay-opacity":"","overlay-gradient":""}},"ast-content-background-meta":{"desktop":{"background-color":"var(--ast-global-color-5)","background-image":"","background-repeat":"repeat","background-position":"center center","background-size":"auto","background-attachment":"scroll","background-type":"","background-media":"","overlay-type":"","overlay-color":"","overlay-opacity":"","overlay-gradient":""},"tablet":{"background-color":"var(--ast-global-color-5)","background-image":"","background-repeat":"repeat","background-position":"center center","background-size":"auto","background-attachment":"scroll","background-type":"","background-media":"","overlay-type":"","overlay-color":"","overlay-opacity":"","overlay-gradient":""},"mobile":{"background-color":"var(--ast-global-color-5)","background-image":"","background-repeat":"repeat","background-position":"center center","background-size":"auto","background-attachment":"scroll","background-type":"","background-media":"","overlay-type":"","overlay-color":"","overlay-opacity":"","overlay-gradient":""}},"footnotes":""},"class_list":["post-138","page","type-page","status-publish","hentry"],"_links":{"self":[{"href":"https:\/\/nwjjv.eu\/index.php?rest_route=\/wp\/v2\/pages\/138","targetHints":{"allow":["GET"]}}],"collection":[{"href":"https:\/\/nwjjv.eu\/index.php?rest_route=\/wp\/v2\/pages"}],"about":[{"href":"https:\/\/nwjjv.eu\/index.php?rest_route=\/wp\/v2\/types\/page"}],"author":[{"embeddable":true,"href":"https:\/\/nwjjv.eu\/index.php?rest_route=\/wp\/v2\/users\/1"}],"replies":[{"embeddable":true,"href":"https:\/\/nwjjv.eu\/index.php?rest_route=%2Fwp%2Fv2%2Fcomments&post=138"}],"version-history":[{"count":10,"href":"https:\/\/nwjjv.eu\/index.php?rest_route=\/wp\/v2\/pages\/138\/revisions"}],"predecessor-version":[{"id":2999,"href":"https:\/\/nwjjv.eu\/index.php?rest_route=\/wp\/v2\/pages\/138\/revisions\/2999"}],"up":[{"embeddable":true,"href":"https:\/\/nwjjv.eu\/index.php?rest_route=\/wp\/v2\/pages\/135"}],"wp:attachment":[{"href":"https:\/\/nwjjv.eu\/index.php?rest_route=%2Fwp%2Fv2%2Fmedia&parent=138"}],"curies":[{"name":"wp","href":"https:\/\/api.w.org\/{rel}","templated":true}]}}