{"id":175,"date":"2022-01-23T14:35:55","date_gmt":"2022-01-23T13:35:55","guid":{"rendered":"https:\/\/nwjjv.eu\/?page_id=175"},"modified":"2023-03-01T11:05:42","modified_gmt":"2023-03-01T10:05:42","slug":"geschaeftsstelle","status":"publish","type":"page","link":"https:\/\/nwjjv.eu\/?page_id=175","title":{"rendered":"GESCH\u00c4FTSSTELLE"},"content":{"rendered":"\n<figure class=\"wp-block-table\"><table><tbody><tr><td>Ansprechpartner:<\/td><td>Emilia Mischnick<br>Sabine Solomayer<\/td><\/tr><tr><td>Adresse:<\/td><td>NWJJV e.V.<br>Haus des K\u00f6lner Sports<br>StadtSportBund K\u00f6ln e.V.<br>Ulrich-Brisch-Weg 1<br>50858 K\u00f6ln<\/td><\/tr><tr><td>Telefon:<\/td><td>(0221) 9918005<\/td><\/tr><tr><td>Fax:<\/td><td>(0221) 9918007<\/td><\/tr><tr><td>E-Mail:<\/td><td><a href=\"mailto:geschaeftsstelle@nwjjv.eu\">geschaeftsstelle@nwjjv.eu<\/a><\/td><\/tr><tr><td>Bankverbindung<\/td><td>Kreditinstitut: Sparkasse K\u00f6lnBonn<br>IBAN: DE77 3705 0198 1900 5563 07<br>BIC: COLSDE33XXX<\/td><\/tr><\/tbody><\/table><\/figure>\n\n\n\n<p><\/p>\n","protected":false},"excerpt":{"rendered":"<p>Ansprechpartner: Emilia MischnickSabine Solomayer Adresse: NWJJV e.V.Haus des K\u00f6lner SportsStadtSportBund K\u00f6ln e.V.Ulrich-Brisch-Weg 150858 K\u00f6ln Telefon: (0221) 9918005 Fax: (0221) 9918007 E-Mail: geschaeftsstelle@nwjjv.eu Bankverbindung Kreditinstitut: Sparkasse K\u00f6lnBonnIBAN: DE77 3705 0198 1900 5563 07BIC: COLSDE33XXX<\/p>\n","protected":false},"author":1,"featured_media":0,"parent":135,"menu_order":0,"comment_status":"closed","ping_status":"closed","template":"","meta":{"site-sidebar-layout":"default","site-content-layout":"","ast-site-content-layout":"default","site-content-style":"default","site-sidebar-style":"default","ast-global-header-display":"","ast-banner-title-visibility":"","ast-main-header-display":"","ast-hfb-above-header-display":"","ast-hfb-below-header-display":"","ast-hfb-mobile-header-display":"","site-post-title":"","ast-breadcrumbs-content":"","ast-featured-img":"","footer-sml-layout":"","ast-disable-related-posts":"","theme-transparent-header-meta":"","adv-header-id-meta":"","stick-header-meta":"","header-above-stick-meta":"","header-main-stick-meta":"","header-below-stick-meta":"","astra-migrate-meta-layouts":"default","ast-page-background-enabled":"default","ast-page-background-meta":{"desktop":{"background-color":"var(--ast-global-color-4)","background-image":"","background-repeat":"repeat","background-position":"center center","background-size":"auto","background-attachment":"scroll","background-type":"","background-media":"","overlay-type":"","overlay-color":"","overlay-opacity":"","overlay-gradient":""},"tablet":{"background-color":"","background-image":"","background-repeat":"repeat","background-position":"center center","background-size":"auto","background-attachment":"scroll","background-type":"","background-media":"","overlay-type":"","overlay-color":"","overlay-opacity":"","overlay-gradient":""},"mobile":{"background-color":"","background-image":"","background-repeat":"repeat","background-position":"center center","background-size":"auto","background-attachment":"scroll","background-type":"","background-media":"","overlay-type":"","overlay-color":"","overlay-opacity":"","overlay-gradient":""}},"ast-content-background-meta":{"desktop":{"background-color":"var(--ast-global-color-5)","background-image":"","background-repeat":"repeat","background-position":"center center","background-size":"auto","background-attachment":"scroll","background-type":"","background-media":"","overlay-type":"","overlay-color":"","overlay-opacity":"","overlay-gradient":""},"tablet":{"background-color":"var(--ast-global-color-5)","background-image":"","background-repeat":"repeat","background-position":"center center","background-size":"auto","background-attachment":"scroll","background-type":"","background-media":"","overlay-type":"","overlay-color":"","overlay-opacity":"","overlay-gradient":""},"mobile":{"background-color":"var(--ast-global-color-5)","background-image":"","background-repeat":"repeat","background-position":"center center","background-size":"auto","background-attachment":"scroll","background-type":"","background-media":"","overlay-type":"","overlay-color":"","overlay-opacity":"","overlay-gradient":""}},"footnotes":""},"class_list":["post-175","page","type-page","status-publish","hentry"],"_links":{"self":[{"href":"https:\/\/nwjjv.eu\/index.php?rest_route=\/wp\/v2\/pages\/175","targetHints":{"allow":["GET"]}}],"collection":[{"href":"https:\/\/nwjjv.eu\/index.php?rest_route=\/wp\/v2\/pages"}],"about":[{"href":"https:\/\/nwjjv.eu\/index.php?rest_route=\/wp\/v2\/types\/page"}],"author":[{"embeddable":true,"href":"https:\/\/nwjjv.eu\/index.php?rest_route=\/wp\/v2\/users\/1"}],"replies":[{"embeddable":true,"href":"https:\/\/nwjjv.eu\/index.php?rest_route=%2Fwp%2Fv2%2Fcomments&post=175"}],"version-history":[{"count":3,"href":"https:\/\/nwjjv.eu\/index.php?rest_route=\/wp\/v2\/pages\/175\/revisions"}],"predecessor-version":[{"id":1392,"href":"https:\/\/nwjjv.eu\/index.php?rest_route=\/wp\/v2\/pages\/175\/revisions\/1392"}],"up":[{"embeddable":true,"href":"https:\/\/nwjjv.eu\/index.php?rest_route=\/wp\/v2\/pages\/135"}],"wp:attachment":[{"href":"https:\/\/nwjjv.eu\/index.php?rest_route=%2Fwp%2Fv2%2Fmedia&parent=175"}],"curies":[{"name":"wp","href":"https:\/\/api.w.org\/{rel}","templated":true}]}}