{"id":2385,"date":"2024-07-06T22:03:08","date_gmt":"2024-07-06T20:03:08","guid":{"rendered":"https:\/\/nwjjv.eu\/?page_id=2385"},"modified":"2024-08-27T16:44:49","modified_gmt":"2024-08-27T14:44:49","slug":"prueferoutfit","status":"publish","type":"page","link":"https:\/\/nwjjv.eu\/?page_id=2385","title":{"rendered":"Pr\u00fcferoutfit"},"content":{"rendered":"\n<p>Die \u00dcbersichten \u00fcber die Ma\u00dfe und Gr\u00f6\u00dfen sind hier:<br>&#8211; <a href=\"https:\/\/nwjjv.eu\/wp-content\/uploads\/2024\/07\/Prueferoutfit_Masse_Hemden.pdf\" target=\"_blank\" rel=\"noreferrer noopener\">Ma\u00dfe Hemden<\/a><br>&#8211; <a href=\"https:\/\/nwjjv.eu\/wp-content\/uploads\/2024\/07\/Prueferoutfit_Masse_Bluse.pdf\" target=\"_blank\" rel=\"noreferrer noopener\">Ma\u00dfe Blusen<\/a><br><br>Anhand der Bestellliste k\u00f6nnen die Outfits bestellt werden: <a href=\"https:\/\/nwjjv.eu\/wp-content\/uploads\/2024\/08\/Bestellformular_Prueferbekleidung.docx\">Bestellformular<\/a><br><br>Der Eigenanteil betr\u00e4gt EUR 25,00 bei Abholung, bei Versand zzgl. Versandkosten.<\/p>\n\n\n\n<div class=\"wp-block-columns is-layout-flex wp-container-core-columns-is-layout-28f84493 wp-block-columns-is-layout-flex\">\n<div class=\"wp-block-column is-layout-flow wp-block-column-is-layout-flow\">\n<div class=\"wp-block-columns is-layout-flex wp-container-core-columns-is-layout-28f84493 wp-block-columns-is-layout-flex\">\n<div class=\"wp-block-column is-layout-flow wp-block-column-is-layout-flow\">\n<figure class=\"wp-block-image size-large\"><a href=\"https:\/\/nwjjv.eu\/wp-content\/uploads\/2024\/08\/20240814_154049-1.jpg\" target=\"_blank\" rel=\"noreferrer noopener\"><img loading=\"lazy\" decoding=\"async\" width=\"1024\" height=\"880\" src=\"https:\/\/nwjjv.eu\/wp-content\/uploads\/2024\/08\/20240814_154049-1-1024x880.jpg\" alt=\"\" class=\"wp-image-2429\" srcset=\"https:\/\/nwjjv.eu\/wp-content\/uploads\/2024\/08\/20240814_154049-1-1024x880.jpg 1024w, https:\/\/nwjjv.eu\/wp-content\/uploads\/2024\/08\/20240814_154049-1-300x258.jpg 300w, https:\/\/nwjjv.eu\/wp-content\/uploads\/2024\/08\/20240814_154049-1-768x660.jpg 768w, https:\/\/nwjjv.eu\/wp-content\/uploads\/2024\/08\/20240814_154049-1-1536x1320.jpg 1536w, https:\/\/nwjjv.eu\/wp-content\/uploads\/2024\/08\/20240814_154049-1-2048x1761.jpg 2048w\" sizes=\"auto, (max-width: 1024px) 100vw, 1024px\" \/><\/a><\/figure>\n<\/div>\n\n\n\n<div class=\"wp-block-column is-layout-flow wp-block-column-is-layout-flow\">\n<figure class=\"wp-block-image size-large is-resized\"><a href=\"https:\/\/nwjjv.eu\/wp-content\/uploads\/2024\/08\/20240814_145456-1.jpg\" target=\"_blank\" rel=\"noreferrer noopener\"><img loading=\"lazy\" decoding=\"async\" width=\"907\" height=\"1024\" src=\"https:\/\/nwjjv.eu\/wp-content\/uploads\/2024\/08\/20240814_145456-1-907x1024.jpg\" alt=\"\" class=\"wp-image-2436\" style=\"width:161px;height:auto\" srcset=\"https:\/\/nwjjv.eu\/wp-content\/uploads\/2024\/08\/20240814_145456-1-907x1024.jpg 907w, https:\/\/nwjjv.eu\/wp-content\/uploads\/2024\/08\/20240814_145456-1-266x300.jpg 266w, https:\/\/nwjjv.eu\/wp-content\/uploads\/2024\/08\/20240814_145456-1-768x867.jpg 768w, https:\/\/nwjjv.eu\/wp-content\/uploads\/2024\/08\/20240814_145456-1-1361x1536.jpg 1361w, https:\/\/nwjjv.eu\/wp-content\/uploads\/2024\/08\/20240814_145456-1-1815x2048.jpg 1815w\" sizes=\"auto, (max-width: 907px) 100vw, 907px\" \/><\/a><\/figure>\n<\/div>\n<\/div>\n<\/div>\n\n\n\n<div class=\"wp-block-column is-layout-flow wp-block-column-is-layout-flow\">\n<div class=\"wp-block-columns is-layout-flex wp-container-core-columns-is-layout-28f84493 wp-block-columns-is-layout-flex\">\n<div class=\"wp-block-column is-layout-flow wp-block-column-is-layout-flow\">\n<figure class=\"wp-block-image size-large is-resized\"><a href=\"https:\/\/nwjjv.eu\/wp-content\/uploads\/2024\/08\/20240814_153545-2.jpg\" target=\"_blank\" rel=\"noreferrer noopener\"><img loading=\"lazy\" decoding=\"async\" width=\"1024\" height=\"897\" src=\"https:\/\/nwjjv.eu\/wp-content\/uploads\/2024\/08\/20240814_153545-2-1024x897.jpg\" alt=\"\" class=\"wp-image-2433\" style=\"width:135px;height:auto\" srcset=\"https:\/\/nwjjv.eu\/wp-content\/uploads\/2024\/08\/20240814_153545-2-1024x897.jpg 1024w, https:\/\/nwjjv.eu\/wp-content\/uploads\/2024\/08\/20240814_153545-2-300x263.jpg 300w, https:\/\/nwjjv.eu\/wp-content\/uploads\/2024\/08\/20240814_153545-2-768x673.jpg 768w, https:\/\/nwjjv.eu\/wp-content\/uploads\/2024\/08\/20240814_153545-2-1536x1346.jpg 1536w, https:\/\/nwjjv.eu\/wp-content\/uploads\/2024\/08\/20240814_153545-2-2048x1795.jpg 2048w\" sizes=\"auto, (max-width: 1024px) 100vw, 1024px\" \/><\/a><\/figure>\n<\/div>\n\n\n\n<div class=\"wp-block-column is-layout-flow wp-block-column-is-layout-flow\">\n<figure class=\"wp-block-image size-large is-resized\"><a href=\"https:\/\/nwjjv.eu\/wp-content\/uploads\/2024\/08\/20240814_145109-2.jpg\" target=\"_blank\" rel=\"noreferrer noopener\"><img loading=\"lazy\" decoding=\"async\" width=\"918\" height=\"1024\" src=\"https:\/\/nwjjv.eu\/wp-content\/uploads\/2024\/08\/20240814_145109-2-918x1024.jpg\" alt=\"\" class=\"wp-image-2437\" style=\"width:147px;height:auto\" srcset=\"https:\/\/nwjjv.eu\/wp-content\/uploads\/2024\/08\/20240814_145109-2-918x1024.jpg 918w, https:\/\/nwjjv.eu\/wp-content\/uploads\/2024\/08\/20240814_145109-2-269x300.jpg 269w, https:\/\/nwjjv.eu\/wp-content\/uploads\/2024\/08\/20240814_145109-2-768x857.jpg 768w, https:\/\/nwjjv.eu\/wp-content\/uploads\/2024\/08\/20240814_145109-2-1377x1536.jpg 1377w, https:\/\/nwjjv.eu\/wp-content\/uploads\/2024\/08\/20240814_145109-2-1836x2048.jpg 1836w\" sizes=\"auto, (max-width: 918px) 100vw, 918px\" \/><\/a><\/figure>\n<\/div>\n\n\n\n<div class=\"wp-block-column is-layout-flow wp-block-column-is-layout-flow\">\n<figure class=\"wp-block-image size-large\"><a href=\"https:\/\/nwjjv.eu\/wp-content\/uploads\/2024\/08\/20240814_145758-scaled.jpg\" target=\"_blank\" rel=\"noreferrer noopener\"><img loading=\"lazy\" decoding=\"async\" width=\"734\" height=\"1024\" src=\"https:\/\/nwjjv.eu\/wp-content\/uploads\/2024\/08\/20240814_145758-734x1024.jpg\" alt=\"\" class=\"wp-image-2435\" srcset=\"https:\/\/nwjjv.eu\/wp-content\/uploads\/2024\/08\/20240814_145758-734x1024.jpg 734w, https:\/\/nwjjv.eu\/wp-content\/uploads\/2024\/08\/20240814_145758-215x300.jpg 215w, https:\/\/nwjjv.eu\/wp-content\/uploads\/2024\/08\/20240814_145758-768x1071.jpg 768w, https:\/\/nwjjv.eu\/wp-content\/uploads\/2024\/08\/20240814_145758-1101x1536.jpg 1101w, https:\/\/nwjjv.eu\/wp-content\/uploads\/2024\/08\/20240814_145758-1469x2048.jpg 1469w, https:\/\/nwjjv.eu\/wp-content\/uploads\/2024\/08\/20240814_145758-scaled.jpg 1836w\" sizes=\"auto, (max-width: 734px) 100vw, 734px\" \/><\/a><\/figure>\n<\/div>\n<\/div>\n<\/div>\n<\/div>\n","protected":false},"excerpt":{"rendered":"<p>Die \u00dcbersichten \u00fcber die Ma\u00dfe und Gr\u00f6\u00dfen sind hier:&#8211; Ma\u00dfe Hemden&#8211; Ma\u00dfe Blusen Anhand der Bestellliste k\u00f6nnen die Outfits bestellt werden: Bestellformular Der Eigenanteil betr\u00e4gt EUR 25,00 bei Abholung, bei Versand zzgl. Versandkosten.<\/p>\n","protected":false},"author":1,"featured_media":0,"parent":0,"menu_order":0,"comment_status":"closed","ping_status":"closed","template":"","meta":{"site-sidebar-layout":"default","site-content-layout":"","ast-site-content-layout":"default","site-content-style":"default","site-sidebar-style":"default","ast-global-header-display":"","ast-banner-title-visibility":"","ast-main-header-display":"","ast-hfb-above-header-display":"","ast-hfb-below-header-display":"","ast-hfb-mobile-header-display":"","site-post-title":"","ast-breadcrumbs-content":"","ast-featured-img":"","footer-sml-layout":"","ast-disable-related-posts":"","theme-transparent-header-meta":"","adv-header-id-meta":"","stick-header-meta":"","header-above-stick-meta":"","header-main-stick-meta":"","header-below-stick-meta":"","astra-migrate-meta-layouts":"set","ast-page-background-enabled":"default","ast-page-background-meta":{"desktop":{"background-color":"var(--ast-global-color-4)","background-image":"","background-repeat":"repeat","background-position":"center center","background-size":"auto","background-attachment":"scroll","background-type":"","background-media":"","overlay-type":"","overlay-color":"","overlay-opacity":"","overlay-gradient":""},"tablet":{"background-color":"","background-image":"","background-repeat":"repeat","background-position":"center center","background-size":"auto","background-attachment":"scroll","background-type":"","background-media":"","overlay-type":"","overlay-color":"","overlay-opacity":"","overlay-gradient":""},"mobile":{"background-color":"","background-image":"","background-repeat":"repeat","background-position":"center center","background-size":"auto","background-attachment":"scroll","background-type":"","background-media":"","overlay-type":"","overlay-color":"","overlay-opacity":"","overlay-gradient":""}},"ast-content-background-meta":{"desktop":{"background-color":"var(--ast-global-color-5)","background-image":"","background-repeat":"repeat","background-position":"center center","background-size":"auto","background-attachment":"scroll","background-type":"","background-media":"","overlay-type":"","overlay-color":"","overlay-opacity":"","overlay-gradient":""},"tablet":{"background-color":"var(--ast-global-color-5)","background-image":"","background-repeat":"repeat","background-position":"center center","background-size":"auto","background-attachment":"scroll","background-type":"","background-media":"","overlay-type":"","overlay-color":"","overlay-opacity":"","overlay-gradient":""},"mobile":{"background-color":"var(--ast-global-color-5)","background-image":"","background-repeat":"repeat","background-position":"center center","background-size":"auto","background-attachment":"scroll","background-type":"","background-media":"","overlay-type":"","overlay-color":"","overlay-opacity":"","overlay-gradient":""}},"footnotes":""},"class_list":["post-2385","page","type-page","status-publish","hentry"],"_links":{"self":[{"href":"https:\/\/nwjjv.eu\/index.php?rest_route=\/wp\/v2\/pages\/2385","targetHints":{"allow":["GET"]}}],"collection":[{"href":"https:\/\/nwjjv.eu\/index.php?rest_route=\/wp\/v2\/pages"}],"about":[{"href":"https:\/\/nwjjv.eu\/index.php?rest_route=\/wp\/v2\/types\/page"}],"author":[{"embeddable":true,"href":"https:\/\/nwjjv.eu\/index.php?rest_route=\/wp\/v2\/users\/1"}],"replies":[{"embeddable":true,"href":"https:\/\/nwjjv.eu\/index.php?rest_route=%2Fwp%2Fv2%2Fcomments&post=2385"}],"version-history":[{"count":7,"href":"https:\/\/nwjjv.eu\/index.php?rest_route=\/wp\/v2\/pages\/2385\/revisions"}],"predecessor-version":[{"id":2445,"href":"https:\/\/nwjjv.eu\/index.php?rest_route=\/wp\/v2\/pages\/2385\/revisions\/2445"}],"wp:attachment":[{"href":"https:\/\/nwjjv.eu\/index.php?rest_route=%2Fwp%2Fv2%2Fmedia&parent=2385"}],"curies":[{"name":"wp","href":"https:\/\/api.w.org\/{rel}","templated":true}]}}