{"id":27,"date":"2022-01-16T11:00:00","date_gmt":"2022-01-16T10:00:00","guid":{"rendered":"https:\/\/nwjjv.eu\/?page_id=27"},"modified":"2025-10-02T16:21:44","modified_gmt":"2025-10-02T14:21:44","slug":"downloads","status":"publish","type":"page","link":"https:\/\/nwjjv.eu\/?page_id=27","title":{"rendered":"DOWNLOADS"},"content":{"rendered":"\n\n\n\n\n<p id=\"block-544a511a-30b3-4995-84b1-cb8054dc4950\"><strong>Antr\u00e4ge<\/strong><\/p>\n\n\n\n\n\n\n\n<p><strong>DURCHF\u00dcHRUNG VON PR\u00dcFUNG<\/strong><br \/><br \/><a href=\"https:\/\/www.nwjjv.eu\/Downloads\/Anleitung_Pr\u00fcfungsabwicklung.pdf\" target=\"_blank\" rel=\"noreferrer noopener\">Anleitung zur Abwicklung einer Pr\u00fcfung<\/a><br \/><a href=\"https:\/\/www.nwjjv.eu\/Downloads\/Anmeldung_Vereinspruefung.xls\" target=\"_blank\" rel=\"noreferrer noopener\">Anmeldung einer Vereinspr\u00fcfung<\/a><\/p>\n\n\n\n<p><strong>ANMELDUNG ZU PR\u00dcFUNGENN &amp; DAN-Antr\u00e4ge<\/strong><br \/><br \/><a href=\"https:\/\/www.nwjjv.eu\/Downloads\/Anmeldung_Bezirkspruefung.xls\" target=\"_blank\" rel=\"noreferrer noopener\">Anmeldung zu einer Bezirkspr\u00fcfung<\/a><br \/><br \/><a href=\"https:\/\/www.nwjjv.eu\/Downloads\/DAN-Antrag_Ju-Jutsu.xlsx\">DAN-Antrag Ju-Jutsu<\/a><br \/><a href=\"https:\/\/www.nwjjv.eu\/Downloads\/DAN-Antrag_Jiu-Jitsu.xlsx\">DAN-Antrag Jiu-Jitsu<\/a><\/p>\n\n\n\n<p><strong>ANMELDUNGEN ZU VERANSTALTUNGEN DES PR\u00dcFUNGSWESEN<\/strong><br><br><a href=\"https:\/\/www.nwjjv.eu\/Downloads\/Anmeldung_Prueferlizenzneuerwerb.xls\" target=\"_blank\" rel=\"noreferrer noopener\">Anmeldung zum Neuerwerb einer Pr\u00fcferlizenz<\/a><br><a href=\"https:\/\/www.nwjjv.eu\/Downloads\/Anmeldung_Prueferlizenzverlaengerung.xls\" target=\"_blank\" rel=\"noreferrer noopener\">Anmeldung zur Verl\u00e4ngerung einer Pr\u00fcferlizenz<\/a><br><br><a href=\"https:\/\/www.nwjjv.eu\/Downloads\/Anmeldung_Dan_Vorbereitungslehrgang.xlsx\" target=\"_blank\" rel=\"noreferrer noopener\">Anmeldung zu einem Dan-Vorbereitungslehrgang<\/a><br><a href=\"https:\/\/www.nwjjv.eu\/Downloads\/Anmeldung_Vorbereitungslehrgang_FreieDarstellung.xls\" target=\"_blank\" rel=\"noreferrer noopener\">Anmeldung zu einem Vorbereitungslehrgang Freie Darstellung<\/a><\/p>\n\n\n\n<p><strong>HILFSMITTEL ZUR PR\u00dcFUNGSVORBEREITUNG<\/strong><br \/><br \/><a href=\"https:\/\/www.nwjjv.eu\/Downloads\/Referentencheckliste-Kyu.pdf\" target=\"_blank\" rel=\"noreferrer noopener\">Pr\u00fcfercheckliste Kyu-Pr\u00fcfung<\/a><br \/><br \/><a href=\"https:\/\/www.nwjjv.eu\/Downloads\/Kyu-Fibel.pdf\" target=\"_blank\" rel=\"noreferrer noopener\">Kyu-Fibel<\/a><br \/><br \/><a href=\"https:\/\/www.nwjjv.eu\/Downloads\/Leitfaden FD-Kata.pdf\" target=\"_blank\" rel=\"noreferrer noopener\">Leitfaden f\u00fcr die Freie Darstellung und Kata<\/a><br \/><a href=\"https:\/\/www.nwjjv.eu\/Downloads\/Prueferliste_FD.xlsx\" target=\"_blank\" rel=\"noreferrer noopener\">Pr\u00fcferliste f\u00fcr die Freie Darstellung<\/a><\/p>\n\n\n\n<p>Ich<strong>AUSRICHTUNGEN VON VERANSTALTUNGEN DES PR\u00dcFUNGSWESEN<\/strong><br \/><br \/><a href=\"https:\/\/www.nwjjv.eu\/Downloads\/Antrag_Ausrichtung_DP_PL.pdf\" target=\"_blank\" rel=\"noreferrer noopener\">Antrag zur Ausrichtung einer Landespr\u00fcfung bzw. einer Pr\u00fcferlizenzveranstaltung<\/a><\/p>\n","protected":false},"excerpt":{"rendered":"<p>Antr\u00e4ge DURCHF\u00dcHRUNG VON PR\u00dcFUNG Anleitung zur Abwicklung einer Pr\u00fcfungAnmeldung einer Vereinspr\u00fcfung ANMELDUNG ZU PR\u00dcFUNGENN &amp; DAN-Antr\u00e4ge Anmeldung zu einer Bezirkspr\u00fcfung DAN-Antrag Ju-JutsuDAN-Antrag Jiu-Jitsu ANMELDUNGEN ZU VERANSTALTUNGEN DES PR\u00dcFUNGSWESEN Anmeldung zum Neuerwerb einer Pr\u00fcferlizenzAnmeldung zur Verl\u00e4ngerung einer Pr\u00fcferlizenz Anmeldung zu einem Dan-VorbereitungslehrgangAnmeldung zu einem Vorbereitungslehrgang Freie Darstellung HILFSMITTEL ZUR PR\u00dcFUNGSVORBEREITUNG Pr\u00fcfercheckliste Kyu-Pr\u00fcfung Kyu-Fibel Leitfaden f\u00fcr die [&hellip;]<\/p>\n","protected":false},"author":1,"featured_media":0,"parent":0,"menu_order":0,"comment_status":"closed","ping_status":"closed","template":"","meta":{"site-sidebar-layout":"default","site-content-layout":"default","ast-site-content-layout":"default","site-content-style":"default","site-sidebar-style":"default","ast-global-header-display":"","ast-banner-title-visibility":"","ast-main-header-display":"","ast-hfb-above-header-display":"","ast-hfb-below-header-display":"","ast-hfb-mobile-header-display":"","site-post-title":"","ast-breadcrumbs-content":"","ast-featured-img":"","footer-sml-layout":"","ast-disable-related-posts":"","theme-transparent-header-meta":"default","adv-header-id-meta":"","stick-header-meta":"","header-above-stick-meta":"","header-main-stick-meta":"","header-below-stick-meta":"","astra-migrate-meta-layouts":"set","ast-page-background-enabled":"default","ast-page-background-meta":{"desktop":{"background-color":"var(--ast-global-color-4)","background-image":"","background-repeat":"repeat","background-position":"center center","background-size":"auto","background-attachment":"scroll","background-type":"","background-media":"","overlay-type":"","overlay-color":"","overlay-opacity":"","overlay-gradient":""},"tablet":{"background-color":"","background-image":"","background-repeat":"repeat","background-position":"center center","background-size":"auto","background-attachment":"scroll","background-type":"","background-media":"","overlay-type":"","overlay-color":"","overlay-opacity":"","overlay-gradient":""},"mobile":{"background-color":"","background-image":"","background-repeat":"repeat","background-position":"center center","background-size":"auto","background-attachment":"scroll","background-type":"","background-media":"","overlay-type":"","overlay-color":"","overlay-opacity":"","overlay-gradient":""}},"ast-content-background-meta":{"desktop":{"background-color":"var(--ast-global-color-5)","background-image":"","background-repeat":"repeat","background-position":"center center","background-size":"auto","background-attachment":"scroll","background-type":"","background-media":"","overlay-type":"","overlay-color":"","overlay-opacity":"","overlay-gradient":""},"tablet":{"background-color":"var(--ast-global-color-5)","background-image":"","background-repeat":"repeat","background-position":"center center","background-size":"auto","background-attachment":"scroll","background-type":"","background-media":"","overlay-type":"","overlay-color":"","overlay-opacity":"","overlay-gradient":""},"mobile":{"background-color":"var(--ast-global-color-5)","background-image":"","background-repeat":"repeat","background-position":"center center","background-size":"auto","background-attachment":"scroll","background-type":"","background-media":"","overlay-type":"","overlay-color":"","overlay-opacity":"","overlay-gradient":""}},"footnotes":""},"class_list":["post-27","page","type-page","status-publish","hentry"],"_links":{"self":[{"href":"https:\/\/nwjjv.eu\/index.php?rest_route=\/wp\/v2\/pages\/27","targetHints":{"allow":["GET"]}}],"collection":[{"href":"https:\/\/nwjjv.eu\/index.php?rest_route=\/wp\/v2\/pages"}],"about":[{"href":"https:\/\/nwjjv.eu\/index.php?rest_route=\/wp\/v2\/types\/page"}],"author":[{"embeddable":true,"href":"https:\/\/nwjjv.eu\/index.php?rest_route=\/wp\/v2\/users\/1"}],"replies":[{"embeddable":true,"href":"https:\/\/nwjjv.eu\/index.php?rest_route=%2Fwp%2Fv2%2Fcomments&post=27"}],"version-history":[{"count":10,"href":"https:\/\/nwjjv.eu\/index.php?rest_route=\/wp\/v2\/pages\/27\/revisions"}],"predecessor-version":[{"id":3573,"href":"https:\/\/nwjjv.eu\/index.php?rest_route=\/wp\/v2\/pages\/27\/revisions\/3573"}],"wp:attachment":[{"href":"https:\/\/nwjjv.eu\/index.php?rest_route=%2Fwp%2Fv2%2Fmedia&parent=27"}],"curies":[{"name":"wp","href":"https:\/\/api.w.org\/{rel}","templated":true}]}}