{"id":2944,"date":"2025-03-04T17:27:29","date_gmt":"2025-03-04T16:27:29","guid":{"rendered":"https:\/\/nwjjv.eu\/?page_id=2944"},"modified":"2025-10-08T20:32:37","modified_gmt":"2025-10-08T18:32:37","slug":"informationen-zu-pruefungen","status":"publish","type":"page","link":"https:\/\/nwjjv.eu\/?page_id=2944","title":{"rendered":"INFORMATIONEN ZU PR\u00dcFUNGEN"},"content":{"rendered":"\n<h2 class=\"wp-block-heading\"><strong>Information zu Pr\u00fcfungen im NWJJV:<\/strong><\/h2>\n\n\n\n<p>Aufgrund der fortlaufenden Aktualisierungen der Pr\u00fcflisten durch den DJJV sind vor anstehenden Pr\u00fcfungen die Listen direkt von der Homepage des<br>DJJV herunterzuladen und zu nutzen:<\/p>\n\n\n\n<p><a href=\"https:\/\/www.djjv.de\/servicedownloads\/download\/breitensport\/pruefungswesen\">https:\/\/www.djjv.de\/servicedownloads\/download\/breitensport\/pruefungswesen<\/a><\/p>\n\n\n\n<p>Das Mitbringen eigener Ukes ist weiterhin m\u00f6glich, mu\u00df schriftlich (formlos) beim Referenten Pr\u00fcfungswesen mit einer entsprechenden Begr\u00fcndung beantragt werden. Bei der Genehmigung ist ein strenger Ma\u00dfstab vorgesehen, da die Erfahrung der vergangenen Pr\u00fcfungen innerhalb des Verbandes gezeigt hat, dass diese Regelung falsch verstanden wurde. Diese Regelung vom Bundesreferenten unter der Bedingung genehmigt, dass hier strenge Ma\u00dfst\u00e4be zu setzen sind.<br>Diese Regelung betrifft nicht Sportler aus dem Bereich \u00dc45 und mit Behinderungen.<\/p>\n\n\n\n<p>Die Anmeldung zur Dan-Pr\u00fcfung \u2013 auch auf Bezirksebene \u2013 erfolgt mittels<br>Dan-Antrag ( <a href=\"https:\/\/nwjjv.eu\/?page_id=27\">https:\/\/nwjjv.eu\/?page_id=27<\/a> ) in der Zust\u00e4ndigkeit des Referenten f\u00fcr Pr\u00fcfungswesen.<\/p>\n\n\n\n<p>Dan-Pr\u00fcfungen auf Bezirksebene sind bis zum 1. Dan m\u00f6glich, h\u00f6here Graduierungen werden ausschlie\u00dflich auf Landesebene gepr\u00fcft.<\/p>\n\n\n\n<p>Nach Abschlu\u00df der Pr\u00fcfung ist die Originalliste binnen 14 Tagen an die Gesch\u00e4ftsstelle zu schicken, Vereine informieren den Bezirksvertreter in Form der Zusendung der Liste als PDF innerhalb der vorgegebenen Frist.<\/p>\n\n\n\n<p>Ein Pr\u00fcfer kann eine Pr\u00fcfung abnehmen, bis zu einer Graduierung, die maximal eine Graduierung unterhalb seiner eigenen Graduierung liegt. Diese Einschr\u00e4nkung gilt f\u00fcr Pr\u00fcfer mit der Graduierung bis zum 5.Dan einschlie\u00dflich. Abweichungen bed\u00fcrfen der Absprache mit dem Pr\u00fcfungsreferenten und den Dan-Pr\u00fcfern.<\/p>\n\n\n\n<p>Hinweis:<\/p>\n\n\n\n<p>die Genehmigung des Mitbringens eines oder mehrere Ukes, die nicht Pr\u00fcfungsteilnehmer sind, befreit den Pr\u00fcfungsteilnehmer nicht von der Verpflichtung sich anderen Pr\u00fcfungsteilnehmern als Uke zur Verf\u00fcgung zu stellen.<\/p>\n\n\n\n<p>Begr\u00fcndung:<br>das Pr\u00fcfungsfach 16 , Angriffs-\/Partnerverhalten ist Bestandteil der Pr\u00fcfung.<br>Ausgenommen von dieser Verpflichtung sind Pr\u00fcfungsteilnehmer von angemeldeten Pr\u00fcfungen \u00dc 45, sowie Sportler mit einem nachgewiesenen Handicap.<\/p>\n\n\n\n<p>Die Pr\u00fcfungskommission hat das Recht im Verlauf der Pr\u00fcfung im Sinne des Teilnehmers den Uke auszutauschen.<\/p>\n\n\n\n<h2 class=\"wp-block-heading has-medium-font-size\"><strong>Erg\u00e4nzung zum Ablauf von Pr\u00fcfungen zum 4. und 5. Dan Ju-Jutsu:<\/strong><\/h2>\n\n\n\n<p>Ab der Dan-Pr\u00fcfung 2\/2025 besteht f\u00fcr Pr\u00fcfungsteilnehmer zum 4. und 5.Dan nachfolgende<br>M\u00f6glichkeit ihre Dan \u2013 Pr\u00fcfung wie folgt zu teilen:<\/p>\n\n\n\n<p>Die Kata, bzw. Freie Darstellung des Pr\u00fcfungsfach 13 der PO kann vor dem Pr\u00fcfungstag demonstriert werden. Die Demonstration erfolgt am Tag des zugeordneten 2. Dan-Vorbereitungslehrgang vor der f\u00fcr die Pr\u00fcfung eingesetzten Pr\u00fcfungskommission. Diese vorgezogene Pr\u00fcfung des Pr\u00fcfungsfach 13 sollte vom Sportler 30 Tage vor dem Lehrgangstermin beim Referenten Pr\u00fcfungswesen des NWJJV angemeldet werden, um die Anwesenheit der Pr\u00fcfer zu gew\u00e4hrleisten.<\/p>\n\n\n\n<p>Hinweis:<\/p>\n\n\n\n<p>Bei Nichtbestehen des Pr\u00fcfungsfach 13 an dem vorgezogenen Termin kann das Fach am eigentlichen Pr\u00fcfungstag nicht wiederholt werden. Das bedeutet, dass die Dan-Pr\u00fcfung als \u201enicht bestanden\u201c gewertet wird.<\/p>\n\n\n\n<p>Diese M\u00f6glichkeit ist ein Angebot und f\u00fcr den Sportler als Erleichterung gedacht und somit nicht verpflichtend.<\/p>\n\n\n\n<p>Dieter Krems<br>(Referent Pr\u00fcfungswesen)<\/p>\n","protected":false},"excerpt":{"rendered":"<p>Information zu Pr\u00fcfungen im NWJJV: Aufgrund der fortlaufenden Aktualisierungen der Pr\u00fcflisten durch den DJJV sind vor anstehenden Pr\u00fcfungen die Listen direkt von der Homepage desDJJV herunterzuladen und zu nutzen: https:\/\/www.djjv.de\/servicedownloads\/download\/breitensport\/pruefungswesen Das Mitbringen eigener Ukes ist weiterhin m\u00f6glich, mu\u00df schriftlich (formlos) beim Referenten Pr\u00fcfungswesen mit einer entsprechenden Begr\u00fcndung beantragt werden. Bei der Genehmigung ist ein strenger [&hellip;]<\/p>\n","protected":false},"author":1,"featured_media":0,"parent":0,"menu_order":0,"comment_status":"closed","ping_status":"closed","template":"","meta":{"site-sidebar-layout":"default","site-content-layout":"","ast-site-content-layout":"default","site-content-style":"default","site-sidebar-style":"default","ast-global-header-display":"","ast-banner-title-visibility":"","ast-main-header-display":"","ast-hfb-above-header-display":"","ast-hfb-below-header-display":"","ast-hfb-mobile-header-display":"","site-post-title":"","ast-breadcrumbs-content":"","ast-featured-img":"","footer-sml-layout":"","ast-disable-related-posts":"","theme-transparent-header-meta":"","adv-header-id-meta":"","stick-header-meta":"","header-above-stick-meta":"","header-main-stick-meta":"","header-below-stick-meta":"","astra-migrate-meta-layouts":"set","ast-page-background-enabled":"default","ast-page-background-meta":{"desktop":{"background-color":"var(--ast-global-color-4)","background-image":"","background-repeat":"repeat","background-position":"center center","background-size":"auto","background-attachment":"scroll","background-type":"","background-media":"","overlay-type":"","overlay-color":"","overlay-opacity":"","overlay-gradient":""},"tablet":{"background-color":"","background-image":"","background-repeat":"repeat","background-position":"center center","background-size":"auto","background-attachment":"scroll","background-type":"","background-media":"","overlay-type":"","overlay-color":"","overlay-opacity":"","overlay-gradient":""},"mobile":{"background-color":"","background-image":"","background-repeat":"repeat","background-position":"center center","background-size":"auto","background-attachment":"scroll","background-type":"","background-media":"","overlay-type":"","overlay-color":"","overlay-opacity":"","overlay-gradient":""}},"ast-content-background-meta":{"desktop":{"background-color":"var(--ast-global-color-5)","background-image":"","background-repeat":"repeat","background-position":"center center","background-size":"auto","background-attachment":"scroll","background-type":"","background-media":"","overlay-type":"","overlay-color":"","overlay-opacity":"","overlay-gradient":""},"tablet":{"background-color":"var(--ast-global-color-5)","background-image":"","background-repeat":"repeat","background-position":"center center","background-size":"auto","background-attachment":"scroll","background-type":"","background-media":"","overlay-type":"","overlay-color":"","overlay-opacity":"","overlay-gradient":""},"mobile":{"background-color":"var(--ast-global-color-5)","background-image":"","background-repeat":"repeat","background-position":"center center","background-size":"auto","background-attachment":"scroll","background-type":"","background-media":"","overlay-type":"","overlay-color":"","overlay-opacity":"","overlay-gradient":""}},"footnotes":""},"class_list":["post-2944","page","type-page","status-publish","hentry"],"_links":{"self":[{"href":"https:\/\/nwjjv.eu\/index.php?rest_route=\/wp\/v2\/pages\/2944","targetHints":{"allow":["GET"]}}],"collection":[{"href":"https:\/\/nwjjv.eu\/index.php?rest_route=\/wp\/v2\/pages"}],"about":[{"href":"https:\/\/nwjjv.eu\/index.php?rest_route=\/wp\/v2\/types\/page"}],"author":[{"embeddable":true,"href":"https:\/\/nwjjv.eu\/index.php?rest_route=\/wp\/v2\/users\/1"}],"replies":[{"embeddable":true,"href":"https:\/\/nwjjv.eu\/index.php?rest_route=%2Fwp%2Fv2%2Fcomments&post=2944"}],"version-history":[{"count":2,"href":"https:\/\/nwjjv.eu\/index.php?rest_route=\/wp\/v2\/pages\/2944\/revisions"}],"predecessor-version":[{"id":3608,"href":"https:\/\/nwjjv.eu\/index.php?rest_route=\/wp\/v2\/pages\/2944\/revisions\/3608"}],"wp:attachment":[{"href":"https:\/\/nwjjv.eu\/index.php?rest_route=%2Fwp%2Fv2%2Fmedia&parent=2944"}],"curies":[{"name":"wp","href":"https:\/\/api.w.org\/{rel}","templated":true}]}}